{"id":32,"date":"2021-11-30T08:58:48","date_gmt":"2021-11-30T08:58:48","guid":{"rendered":"https:\/\/haltra.clients.h2a.lu\/?page_id=32"},"modified":"2026-03-12T10:33:54","modified_gmt":"2026-03-12T10:33:54","slug":"investissements-durables","status":"publish","type":"page","link":"https:\/\/haltragroup.com\/fr\/investissements-durables\/","title":{"rendered":"Investir durablement"},"content":{"rendered":"\n<section class=\"section full\" id=\"block-it-introduction\">\n  <div class=\"section-wrapper\">\n              <div class=\"block-it-text reveal reveal-visible-1\">\n        <p class=\"p1\">\u00c0 travers l\u2019ensemble de nos investissements, nous cherchons \u00e0 soutenir la cr\u00e9ation de mod\u00e8les de croissance durable, contribuant \u00e0 l\u2019\u00e9mergence d\u2019une nouvelle \u00e9conomie plus respectueuse de chacun et de l\u2019environnement.<\/p>\n<p class=\"p1\">Pour pr\u00e9server et valoriser notre capital, en permanence r\u00e9allou\u00e9, nous investissons sur le long terme dans des actifs industriels, financiers et durables.<\/p>\n      <\/div>\n      <\/div>\n<\/section>\n\n\n<div id=\"asset\"><\/div>\n<section class=\"section margin no-bottom no-bottom block-department icon icon-asset reveal reveal-visible-1\" id=\"block-investissement-titre\">\n  <div class=\"section-wrapper\">\n    <div class=\"block-department-wrapper\">\n      <div class=\"block-department-icon\"><\/div>\n      <div class=\"block-department-title\">\n        <h2 class=\"reveal reveal-visible-1\">Plateforme multi-gestion<\/h2>\n      <\/div>\n    <\/div>\n  <\/div>\n<\/section>\n\n\n\n<section class=\"section reveal reveal-visible-1\" id=\"block-2-col\">\n  <div class=\"section-wrapper\">\n    <div class=\"section-half\">\n      <div class=\"section-part reveal reveal-visible-1\">\n        <p class=\"p1\">Pour soutenir l\u2019engagement responsable d\u2019HALTRA, notre plateforme d\u2019investissement vise \u00e0 pr\u00e9server puis d\u00e9velopper les actifs sous gestion en recherchant une performance \u00e9quilibr\u00e9e entre rendements et risques, en ligne avec notre allocation cible, nos objectifs financiers et nos crit\u00e8res ESG.<\/p>\n      <\/div>\n      <div class=\"section-part reveal reveal-visible-2\">\n        <p class=\"p1\">Notre approche est centr\u00e9e sur une relation forte et une vision strat\u00e9gique partag\u00e9e avec nos partenaires. Nous investissons avec conviction sur toutes les classes d\u2019actifs en maintenant un niveau de diversification raisonnable pour nous prot\u00e9ger des fluctuations de march\u00e9 et saisir les opportunit\u00e9s.<\/p>\n      <\/div>\n    <\/div>\n  <\/div>\n<\/section>\n\n\n\n<section class=\"section full image  iStock-1165055244-min reveal reveal-visible-1 no-top\">\n   <img decoding=\"async\" src=\"https:\/\/haltragroup.com\/wp-content\/uploads\/2022\/01\/iStock-1165055244-min.jpg\" alt=\"\" loading=\"lazy\">\n   \n<\/section>\n\n\n<div id=\"private\"><\/div>\n<section class=\"section margin no-bottom no-bottom block-department icon icon-private reveal reveal-visible-1\" id=\"block-investissement-titre\">\n  <div class=\"section-wrapper\">\n    <div class=\"block-department-wrapper\">\n      <div class=\"block-department-icon\"><\/div>\n      <div class=\"block-department-title\">\n        <h2 class=\"reveal reveal-visible-1\">Capital Croissance<\/h2>\n      <\/div>\n    <\/div>\n  <\/div>\n<\/section>\n\n\n\n<section class=\"section reveal reveal-visible-1\" id=\"block-2-col\">\n  <div class=\"section-wrapper\">\n    <div class=\"section-half\">\n      <div class=\"section-part reveal reveal-visible-1\">\n        <p class=\"p1\">HALTRA est le partenaire de choix d\u2019entreprises cherchant \u00e0 d\u00e9velopper des mod\u00e8les de croissance durable. Nous soutenons le d\u00e9ploiement d\u2019\u00e9cosyst\u00e8mes r\u00e9silients en intervenant sur les th\u00e9matiques suivantes :<\/p>\n<ul>\n<li>Transition \u00c9nerg\u00e9tique<\/li>\n<li class=\"p1\">Alimentation et Consommation Durable<\/li>\n<li class=\"p1\">\u00c9conomie Circulaire<\/li>\n<li>Ecosyst\u00e8mes de l\u2019Eau et des Oc\u00e9ans<\/li>\n<\/ul>\n      <\/div>\n      <div class=\"section-part reveal reveal-visible-2\">\n        <p>En accord avec nos convictions, nous sommes investisseurs de r\u00e9f\u00e9rence et recherchons l\u2019alignement avec les fondateurs et actionnaires de ces projets, sans horizon de sortie pr\u00e9\u00e9tabli.<\/p>\n<p>Nous souhaitons faire mieux avec moins. \u00c0 travers nos prises de participation, nous soutenons l\u2019\u00e9mergence de mod\u00e8les de croissance durable, susceptibles de transformer l\u2019\u00e9conomie et nos soci\u00e9t\u00e9s en minimisant les ressources exploit\u00e9es.<\/p>\n      <\/div>\n    <\/div>\n  <\/div>\n<\/section>\n\n\n\n<section class=\"section no-margin image-single  thumbnail_Cycleenergy_Foto Gaishorn reveal reveal-visible-1 no-top\">\n   <img decoding=\"async\" src=\"https:\/\/haltragroup.com\/wp-content\/uploads\/2024\/04\/thumbnail_Cycleenergy_Foto-Gaishorn.jpg\" alt=\"\" loading=\"lazy\">\n   \n<\/section>\n\n\n<div id=\"durable\"><\/div>\n<section class=\"section margin no-bottom no-bottom block-department icon icon-durable reveal reveal-visible-1\" id=\"block-investissement-titre\">\n  <div class=\"section-wrapper\">\n    <div class=\"block-department-wrapper\">\n      <div class=\"block-department-icon\"><\/div>\n      <div class=\"block-department-title\">\n        <h2 class=\"reveal reveal-visible-1\">Actifs R\u00e9els<\/h2>\n      <\/div>\n    <\/div>\n  <\/div>\n<\/section>\n\n\n\n<section class=\"section reveal reveal-visible-1\" id=\"block-2-col\">\n  <div class=\"section-wrapper\">\n    <div class=\"section-half\">\n      <div class=\"section-part reveal reveal-visible-1\">\n        <p class=\"p2\">Nous prot\u00e9geons les ressources naturelles via l\u2019acquisition d\u2019actifs r\u00e9els et durables : terres agricoles et for\u00eats, immobilier, \u00e9nergies renouvelables et infrastructures durables.<\/p>\n      <\/div>\n      <div class=\"section-part reveal reveal-visible-2\">\n        <p class=\"p1\">Nous cherchons \u00e0 promouvoir des approches innovantes, positives pour l\u2019environnement et viables \u00e9conomiquement en privil\u00e9giant une utilisation responsable des ressources naturelles.<\/p>\n      <\/div>\n    <\/div>\n  <\/div>\n<\/section>\n\n\n\n<section class=\"section no-margin image-single  Bearing Agro Edited reveal reveal-visible-1 no-top\">\n   <img decoding=\"async\" src=\"https:\/\/haltragroup.com\/wp-content\/uploads\/2024\/03\/Bearing-Agro-Edited.png\" alt=\"Bearing Agro\" loading=\"lazy\">\n       <div class=\"front-page-credit\">\n      <p>Bearing Agro<\/p>\n    <\/div>\n   \n<\/section>\n","protected":false},"excerpt":{"rendered":"","protected":false},"author":1,"featured_media":886,"parent":0,"menu_order":0,"comment_status":"closed","ping_status":"closed","template":"","meta":{"_acf_changed":false,"footnotes":""},"class_list":["post-32","page","type-page","status-publish","has-post-thumbnail","hentry"],"acf":[],"yoast_head":"<!-- This site is optimized with the Yoast SEO plugin v27.5 - https:\/\/yoast.com\/product\/yoast-seo-wordpress\/ -->\n<title>Investir durablement - Haltra<\/title>\n<meta name=\"description\" content=\"HALTRA,THE BEST IS YET TO COME. The world belongs to our children and future generations. We are committed to building a sustainable future with them and for them, listening to their expectations.\" \/>\n<meta name=\"robots\" content=\"index, follow, max-snippet:-1, max-image-preview:large, max-video-preview:-1\" \/>\n<link rel=\"canonical\" href=\"https:\/\/haltragroup.com\/fr\/investissements-durables\/\" \/>\n<meta property=\"og:locale\" content=\"fr_FR\" \/>\n<meta property=\"og:type\" content=\"article\" \/>\n<meta property=\"og:title\" content=\"Investir durablement - Haltra\" \/>\n<meta property=\"og:description\" content=\"HALTRA,THE BEST IS YET TO COME. The world belongs to our children and future generations. We are committed to building a sustainable future with them and for them, listening to their expectations.\" \/>\n<meta property=\"og:url\" content=\"https:\/\/haltragroup.com\/fr\/investissements-durables\/\" \/>\n<meta property=\"og:site_name\" content=\"Haltra\" \/>\n<meta property=\"article:modified_time\" content=\"2026-03-12T10:33:54+00:00\" \/>\n<meta property=\"og:image\" content=\"https:\/\/haltragroup.com\/wp-content\/uploads\/2022\/01\/markus-spiske-vrbZVyX2k4I-unsplash-min-scaled-1.jpg\" \/>\n\t<meta property=\"og:image:width\" content=\"2560\" \/>\n\t<meta property=\"og:image:height\" content=\"1707\" \/>\n\t<meta property=\"og:image:type\" content=\"image\/jpeg\" \/>\n<meta name=\"twitter:card\" content=\"summary_large_image\" \/>\n<meta name=\"twitter:label1\" content=\"Dur\u00e9e de lecture estim\u00e9e\" \/>\n\t<meta name=\"twitter:data1\" content=\"1 minute\" \/>\n<script type=\"application\/ld+json\" class=\"yoast-schema-graph\">{\"@context\":\"https:\\\/\\\/schema.org\",\"@graph\":[{\"@type\":\"WebPage\",\"@id\":\"https:\\\/\\\/haltragroup.com\\\/fr\\\/investissements-durables\\\/\",\"url\":\"https:\\\/\\\/haltragroup.com\\\/fr\\\/investissements-durables\\\/\",\"name\":\"Investir durablement - Haltra\",\"isPartOf\":{\"@id\":\"https:\\\/\\\/haltragroup.com\\\/#website\"},\"primaryImageOfPage\":{\"@id\":\"https:\\\/\\\/haltragroup.com\\\/fr\\\/investissements-durables\\\/#primaryimage\"},\"image\":{\"@id\":\"https:\\\/\\\/haltragroup.com\\\/fr\\\/investissements-durables\\\/#primaryimage\"},\"thumbnailUrl\":\"https:\\\/\\\/haltragroup.com\\\/wp-content\\\/uploads\\\/2022\\\/01\\\/markus-spiske-vrbZVyX2k4I-unsplash-min-scaled-1.jpg\",\"datePublished\":\"2021-11-30T08:58:48+00:00\",\"dateModified\":\"2026-03-12T10:33:54+00:00\",\"description\":\"HALTRA,THE BEST IS YET TO COME. The world belongs to our children and future generations. We are committed to building a sustainable future with them and for them, listening to their expectations.\",\"breadcrumb\":{\"@id\":\"https:\\\/\\\/haltragroup.com\\\/fr\\\/investissements-durables\\\/#breadcrumb\"},\"inLanguage\":\"fr-FR\",\"potentialAction\":[{\"@type\":\"ReadAction\",\"target\":[\"https:\\\/\\\/haltragroup.com\\\/fr\\\/investissements-durables\\\/\"]}]},{\"@type\":\"ImageObject\",\"inLanguage\":\"fr-FR\",\"@id\":\"https:\\\/\\\/haltragroup.com\\\/fr\\\/investissements-durables\\\/#primaryimage\",\"url\":\"https:\\\/\\\/haltragroup.com\\\/wp-content\\\/uploads\\\/2022\\\/01\\\/markus-spiske-vrbZVyX2k4I-unsplash-min-scaled-1.jpg\",\"contentUrl\":\"https:\\\/\\\/haltragroup.com\\\/wp-content\\\/uploads\\\/2022\\\/01\\\/markus-spiske-vrbZVyX2k4I-unsplash-min-scaled-1.jpg\",\"width\":2560,\"height\":1707},{\"@type\":\"BreadcrumbList\",\"@id\":\"https:\\\/\\\/haltragroup.com\\\/fr\\\/investissements-durables\\\/#breadcrumb\",\"itemListElement\":[{\"@type\":\"ListItem\",\"position\":1,\"name\":\"Home\",\"item\":\"https:\\\/\\\/haltragroup.com\\\/fr\\\/\"},{\"@type\":\"ListItem\",\"position\":2,\"name\":\"Investir durablement\"}]},{\"@type\":\"WebSite\",\"@id\":\"https:\\\/\\\/haltragroup.com\\\/#website\",\"url\":\"https:\\\/\\\/haltragroup.com\\\/\",\"name\":\"Haltra\",\"description\":\"Le meilleur est \u00e0 venir\",\"publisher\":{\"@id\":\"https:\\\/\\\/haltragroup.com\\\/#organization\"},\"potentialAction\":[{\"@type\":\"SearchAction\",\"target\":{\"@type\":\"EntryPoint\",\"urlTemplate\":\"https:\\\/\\\/haltragroup.com\\\/?s={search_term_string}\"},\"query-input\":{\"@type\":\"PropertyValueSpecification\",\"valueRequired\":true,\"valueName\":\"search_term_string\"}}],\"inLanguage\":\"fr-FR\"},{\"@type\":\"Organization\",\"@id\":\"https:\\\/\\\/haltragroup.com\\\/#organization\",\"name\":\"Haltra Group\",\"url\":\"https:\\\/\\\/haltragroup.com\\\/\",\"logo\":{\"@type\":\"ImageObject\",\"inLanguage\":\"fr-FR\",\"@id\":\"https:\\\/\\\/haltragroup.com\\\/#\\\/schema\\\/logo\\\/image\\\/\",\"url\":\"https:\\\/\\\/haltragroup.com\\\/wp-content\\\/uploads\\\/2022\\\/01\\\/Haltra_bateau-min.png\",\"contentUrl\":\"https:\\\/\\\/haltragroup.com\\\/wp-content\\\/uploads\\\/2022\\\/01\\\/Haltra_bateau-min.png\",\"width\":1920,\"height\":1080,\"caption\":\"Haltra Group\"},\"image\":{\"@id\":\"https:\\\/\\\/haltragroup.com\\\/#\\\/schema\\\/logo\\\/image\\\/\"}}]}<\/script>\n<!-- \/ Yoast SEO plugin. -->","yoast_head_json":{"title":"Investir durablement - Haltra","description":"HALTRA,THE BEST IS YET TO COME. The world belongs to our children and future generations. We are committed to building a sustainable future with them and for them, listening to their expectations.","robots":{"index":"index","follow":"follow","max-snippet":"max-snippet:-1","max-image-preview":"max-image-preview:large","max-video-preview":"max-video-preview:-1"},"canonical":"https:\/\/haltragroup.com\/fr\/investissements-durables\/","og_locale":"fr_FR","og_type":"article","og_title":"Investir durablement - Haltra","og_description":"HALTRA,THE BEST IS YET TO COME. The world belongs to our children and future generations. We are committed to building a sustainable future with them and for them, listening to their expectations.","og_url":"https:\/\/haltragroup.com\/fr\/investissements-durables\/","og_site_name":"Haltra","article_modified_time":"2026-03-12T10:33:54+00:00","og_image":[{"width":2560,"height":1707,"url":"https:\/\/haltragroup.com\/wp-content\/uploads\/2022\/01\/markus-spiske-vrbZVyX2k4I-unsplash-min-scaled-1.jpg","type":"image\/jpeg"}],"twitter_card":"summary_large_image","twitter_misc":{"Dur\u00e9e de lecture estim\u00e9e":"1 minute"},"schema":{"@context":"https:\/\/schema.org","@graph":[{"@type":"WebPage","@id":"https:\/\/haltragroup.com\/fr\/investissements-durables\/","url":"https:\/\/haltragroup.com\/fr\/investissements-durables\/","name":"Investir durablement - Haltra","isPartOf":{"@id":"https:\/\/haltragroup.com\/#website"},"primaryImageOfPage":{"@id":"https:\/\/haltragroup.com\/fr\/investissements-durables\/#primaryimage"},"image":{"@id":"https:\/\/haltragroup.com\/fr\/investissements-durables\/#primaryimage"},"thumbnailUrl":"https:\/\/haltragroup.com\/wp-content\/uploads\/2022\/01\/markus-spiske-vrbZVyX2k4I-unsplash-min-scaled-1.jpg","datePublished":"2021-11-30T08:58:48+00:00","dateModified":"2026-03-12T10:33:54+00:00","description":"HALTRA,THE BEST IS YET TO COME. The world belongs to our children and future generations. We are committed to building a sustainable future with them and for them, listening to their expectations.","breadcrumb":{"@id":"https:\/\/haltragroup.com\/fr\/investissements-durables\/#breadcrumb"},"inLanguage":"fr-FR","potentialAction":[{"@type":"ReadAction","target":["https:\/\/haltragroup.com\/fr\/investissements-durables\/"]}]},{"@type":"ImageObject","inLanguage":"fr-FR","@id":"https:\/\/haltragroup.com\/fr\/investissements-durables\/#primaryimage","url":"https:\/\/haltragroup.com\/wp-content\/uploads\/2022\/01\/markus-spiske-vrbZVyX2k4I-unsplash-min-scaled-1.jpg","contentUrl":"https:\/\/haltragroup.com\/wp-content\/uploads\/2022\/01\/markus-spiske-vrbZVyX2k4I-unsplash-min-scaled-1.jpg","width":2560,"height":1707},{"@type":"BreadcrumbList","@id":"https:\/\/haltragroup.com\/fr\/investissements-durables\/#breadcrumb","itemListElement":[{"@type":"ListItem","position":1,"name":"Home","item":"https:\/\/haltragroup.com\/fr\/"},{"@type":"ListItem","position":2,"name":"Investir durablement"}]},{"@type":"WebSite","@id":"https:\/\/haltragroup.com\/#website","url":"https:\/\/haltragroup.com\/","name":"Haltra","description":"Le meilleur est \u00e0 venir","publisher":{"@id":"https:\/\/haltragroup.com\/#organization"},"potentialAction":[{"@type":"SearchAction","target":{"@type":"EntryPoint","urlTemplate":"https:\/\/haltragroup.com\/?s={search_term_string}"},"query-input":{"@type":"PropertyValueSpecification","valueRequired":true,"valueName":"search_term_string"}}],"inLanguage":"fr-FR"},{"@type":"Organization","@id":"https:\/\/haltragroup.com\/#organization","name":"Haltra Group","url":"https:\/\/haltragroup.com\/","logo":{"@type":"ImageObject","inLanguage":"fr-FR","@id":"https:\/\/haltragroup.com\/#\/schema\/logo\/image\/","url":"https:\/\/haltragroup.com\/wp-content\/uploads\/2022\/01\/Haltra_bateau-min.png","contentUrl":"https:\/\/haltragroup.com\/wp-content\/uploads\/2022\/01\/Haltra_bateau-min.png","width":1920,"height":1080,"caption":"Haltra Group"},"image":{"@id":"https:\/\/haltragroup.com\/#\/schema\/logo\/image\/"}}]}},"_links":{"self":[{"href":"https:\/\/haltragroup.com\/fr\/wp-json\/wp\/v2\/pages\/32","targetHints":{"allow":["GET"]}}],"collection":[{"href":"https:\/\/haltragroup.com\/fr\/wp-json\/wp\/v2\/pages"}],"about":[{"href":"https:\/\/haltragroup.com\/fr\/wp-json\/wp\/v2\/types\/page"}],"author":[{"embeddable":true,"href":"https:\/\/haltragroup.com\/fr\/wp-json\/wp\/v2\/users\/1"}],"replies":[{"embeddable":true,"href":"https:\/\/haltragroup.com\/fr\/wp-json\/wp\/v2\/comments?post=32"}],"version-history":[{"count":29,"href":"https:\/\/haltragroup.com\/fr\/wp-json\/wp\/v2\/pages\/32\/revisions"}],"predecessor-version":[{"id":1985,"href":"https:\/\/haltragroup.com\/fr\/wp-json\/wp\/v2\/pages\/32\/revisions\/1985"}],"wp:featuredmedia":[{"embeddable":true,"href":"https:\/\/haltragroup.com\/fr\/wp-json\/wp\/v2\/media\/886"}],"wp:attachment":[{"href":"https:\/\/haltragroup.com\/fr\/wp-json\/wp\/v2\/media?parent=32"}],"curies":[{"name":"wp","href":"https:\/\/api.w.org\/{rel}","templated":true}]}}