{"id":1710,"date":"2024-06-20T12:58:49","date_gmt":"2024-06-20T12:58:49","guid":{"rendered":"https:\/\/haltragroup.com\/legal-notices\/"},"modified":"2024-06-27T10:16:50","modified_gmt":"2024-06-27T10:16:50","slug":"legal-notices","status":"publish","type":"page","link":"https:\/\/haltragroup.com\/fr\/legal-notices\/","title":{"rendered":"Legal notices"},"content":{"rendered":"\n<h2 class=\"wp-block-heading\"><strong>Publisher<\/strong><\/h2>\n\n\n\n<p>HAZUR Management, a\u00a0soci\u00e9t\u00e9 \u00e0 responsabilit\u00e9 limit\u00e9e par actions\u00a0with a capital of EUR 12,000.00, registered in the Luxembourg Trade and Companies Register (RCS) under number B 230769, registered office: 15, rue du Fort Bourbon L-1249 Luxembourg.<br>Intra-Community VAT number: LU 309 151 54<\/p>\n\n\n\n<p>The entire site and its content are the exclusive property of HAZUR Management. No reproduction or representation, even partial, may take place without the prior written consent of HAZUR Management.<\/p>\n\n\n\n<h2 class=\"wp-block-heading\"><strong>Site development &amp; Hosting provider<\/strong><\/h2>\n\n\n\n<p><strong>Site development<\/strong><br>h2a s.a. having its registered office at 129 rue Laurent M\u00e9nager, L-2143 Luxembourg, registered with the Luxembourg Trade and Companies Register under number B98938<br>Site : <a href=\"https:\/\/www.h2a.lu\/\" target=\"_blank\" rel=\"noreferrer noopener\">https:\/\/h2a.lu\/<\/a><\/p>\n\n\n\n<p><strong>Hosting provider<\/strong><br>Siteparc having its registered office at 3 rue Blomet, 75015 Paris, France, registered with the REGISTRE DU COMMERCE ET DES SOCIETES DE PARIS under number 408 998\u00a0656<br>Site : <a href=\"https:\/\/www.siteparc.fr\/\" target=\"_blank\" rel=\"noreferrer noopener\">https:\/\/siteparc.fr\/<\/a><\/p>\n\n\n\n<h2 class=\"wp-block-heading\"><strong>Cookies&nbsp;<\/strong><\/h2>\n\n\n\n<p>For more information about Cookies and Scripts, please visit our Cookie Policy at <a href=\"https:\/\/haltragroup.com\/fr\/cookie-policy\/\">https:\/\/haltragroup.com\/cookie-policy\/<\/a>.<\/p>\n\n\n\n<h2 class=\"wp-block-heading\"><strong>Hypertext links<\/strong><\/h2>\n\n\n\n<p>Users of the \u00ab&nbsp;www.haltragroup.com&nbsp;\u00bb site may not set up a hyperlink to this site without the express prior authorization of HAZUR Management.<\/p>\n\n\n\n<p>Unless otherwise specified, the intellectual property rights on the documents contained in the website and all the material created for this website are exclusively owned by HAZUR Management. Any documents published on the website may only be reproduced for personal and private information purposes, any reproduction and use of copies for other purposes being expressly prohibited.&nbsp;<\/p>\n\n\n\n<h2 class=\"wp-block-heading\"><strong>Limitation of liability<\/strong><\/h2>\n\n\n\n<p>By using this website and the information it contains, users acknowledge that they understand and accept the following terms and conditions.<\/p>\n\n\n\n<p>The purpose of this website is to provide general information of HAZUR Management and its affiliated entity`s activities. HAZUR Management endeavors to ensure the proper functioning and security of this website and that the information communicated is accurate and up to date.&nbsp; However, HAZUR Management cannot guarantee the accuracy, precision or completeness of the information available on this website. It is the responsibility of the website\u2019s users to verify the information by other means, including through contact with HAZUR Management.<\/p>\n\n\n\n<p>In particular, HAZUR Management declines any responsibility: \u2013&nbsp;for any imprecision, inaccuracy or omission covering information available on this website; \u2013&nbsp;for any damages resulting from the fraudulent intrusion of a third party that results in changes to the information provided on the website; \u2013&nbsp;and more generally, for any damages, direct or indirect, irrespective of the cause, origin, nature or consequences resulting from access to the website by whomsoever or the impossibility of accessing the website, as well as the use of the website and\/or the credit given to any information obtained directly or indirectly from the website.<\/p>\n\n\n\n<p>HAZUR Management reserves the right to modify the content of this website, as it sees fit, at any time and without prior notice.<\/p>\n\n\n\n<p>The information communicated on this website shall not be considered as an encouragement to invest. It shall in no case be interpreted as a solicitation and does not represent an offer to subscribe, purchase or exchange shares or other marketable securities&nbsp; of any issuer. Consequently, HALTRA Management shall not be held responsible for the content or accuracy of all or some of the information transmitted on its website and any investment order or decision based on such information. Persons subject to foreign law are responsible for ensuring that the website\u2019s use complies with their national law. HAZUR Management shall not be held responsible for use of the website that is contrary to local law.<\/p>\n\n\n\n<p>HALTRA Management is not responsible for the content of the websites that can be accessed from this website via hypertext or other links. The fact that a link is available on this website does not entail that HAZUR Management assumes responsibility for the content of such a website, or the services or products it may contain. Users are solely responsible for the use and access of these websites and HAZUR Management shall in no case be held responsible.<\/p>\n\n\n\n<h2 class=\"wp-block-heading\"><strong>Your rights with respect to personal data<\/strong><\/h2>\n\n\n\n<p>For more information with respect to the protection of your personal data, please visit our privacy policy available at <a href=\"https:\/\/haltragroup.com\/fr\/privacy-policy\/\">https:\/\/haltragroup.com\/privacy-policy\/<\/a>.<\/p>\n","protected":false},"excerpt":{"rendered":"<p>Publisher HAZUR Management, a\u00a0soci\u00e9t\u00e9 \u00e0 responsabilit\u00e9 limit\u00e9e par actions\u00a0with a capital of EUR 12,000.00, registered in the Luxembourg Trade and Companies Register (RCS) under number B 230769, registered office: 15, rue du Fort Bourbon L-1249 Luxembourg.Intra-Community VAT number: LU 309 151 54 The entire site and its content are the exclusive property of HAZUR Management. [&hellip;]<\/p>\n","protected":false},"author":1,"featured_media":0,"parent":0,"menu_order":0,"comment_status":"closed","ping_status":"closed","template":"template-complianz.php","meta":{"_acf_changed":false,"footnotes":""},"class_list":["post-1710","page","type-page","status-publish","hentry"],"acf":[],"yoast_head":"<!-- This site is optimized with the Yoast SEO plugin v27.5 - https:\/\/yoast.com\/product\/yoast-seo-wordpress\/ -->\n<title>Legal notices - Haltra<\/title>\n<meta name=\"description\" content=\"HALTRA,THE BEST IS YET TO COME. The world belongs to our children and future generations. We are committed to building a sustainable future with them and for them, listening to their expectations.\" \/>\n<meta name=\"robots\" content=\"index, follow, max-snippet:-1, max-image-preview:large, max-video-preview:-1\" \/>\n<link rel=\"canonical\" href=\"https:\/\/haltragroup.com\/fr\/legal-notices\/\" \/>\n<meta property=\"og:locale\" content=\"fr_FR\" \/>\n<meta property=\"og:type\" content=\"article\" \/>\n<meta property=\"og:title\" content=\"Legal notices - Haltra\" \/>\n<meta property=\"og:description\" content=\"HALTRA,THE BEST IS YET TO COME. The world belongs to our children and future generations. We are committed to building a sustainable future with them and for them, listening to their expectations.\" \/>\n<meta property=\"og:url\" content=\"https:\/\/haltragroup.com\/fr\/legal-notices\/\" \/>\n<meta property=\"og:site_name\" content=\"Haltra\" \/>\n<meta property=\"article:modified_time\" content=\"2024-06-27T10:16:50+00:00\" \/>\n<meta property=\"og:image\" content=\"https:\/\/haltragroup.com\/wp-content\/uploads\/2022\/01\/Haltra_bateau-min.png\" \/>\n\t<meta property=\"og:image:width\" content=\"1920\" \/>\n\t<meta property=\"og:image:height\" content=\"1080\" \/>\n\t<meta property=\"og:image:type\" content=\"image\/png\" \/>\n<meta name=\"twitter:card\" content=\"summary_large_image\" \/>\n<meta name=\"twitter:label1\" content=\"Dur\u00e9e de lecture estim\u00e9e\" \/>\n\t<meta name=\"twitter:data1\" content=\"3 minutes\" \/>\n<script type=\"application\/ld+json\" class=\"yoast-schema-graph\">{\"@context\":\"https:\\\/\\\/schema.org\",\"@graph\":[{\"@type\":\"WebPage\",\"@id\":\"https:\\\/\\\/haltragroup.com\\\/fr\\\/legal-notices\\\/\",\"url\":\"https:\\\/\\\/haltragroup.com\\\/fr\\\/legal-notices\\\/\",\"name\":\"Legal notices - Haltra\",\"isPartOf\":{\"@id\":\"https:\\\/\\\/haltragroup.com\\\/#website\"},\"datePublished\":\"2024-06-20T12:58:49+00:00\",\"dateModified\":\"2024-06-27T10:16:50+00:00\",\"description\":\"HALTRA,THE BEST IS YET TO COME. The world belongs to our children and future generations. We are committed to building a sustainable future with them and for them, listening to their expectations.\",\"breadcrumb\":{\"@id\":\"https:\\\/\\\/haltragroup.com\\\/fr\\\/legal-notices\\\/#breadcrumb\"},\"inLanguage\":\"fr-FR\",\"potentialAction\":[{\"@type\":\"ReadAction\",\"target\":[\"https:\\\/\\\/haltragroup.com\\\/fr\\\/legal-notices\\\/\"]}]},{\"@type\":\"BreadcrumbList\",\"@id\":\"https:\\\/\\\/haltragroup.com\\\/fr\\\/legal-notices\\\/#breadcrumb\",\"itemListElement\":[{\"@type\":\"ListItem\",\"position\":1,\"name\":\"Home\",\"item\":\"https:\\\/\\\/haltragroup.com\\\/fr\\\/\"},{\"@type\":\"ListItem\",\"position\":2,\"name\":\"Legal notices\"}]},{\"@type\":\"WebSite\",\"@id\":\"https:\\\/\\\/haltragroup.com\\\/#website\",\"url\":\"https:\\\/\\\/haltragroup.com\\\/\",\"name\":\"Haltra\",\"description\":\"Le meilleur est \u00e0 venir\",\"publisher\":{\"@id\":\"https:\\\/\\\/haltragroup.com\\\/#organization\"},\"potentialAction\":[{\"@type\":\"SearchAction\",\"target\":{\"@type\":\"EntryPoint\",\"urlTemplate\":\"https:\\\/\\\/haltragroup.com\\\/?s={search_term_string}\"},\"query-input\":{\"@type\":\"PropertyValueSpecification\",\"valueRequired\":true,\"valueName\":\"search_term_string\"}}],\"inLanguage\":\"fr-FR\"},{\"@type\":\"Organization\",\"@id\":\"https:\\\/\\\/haltragroup.com\\\/#organization\",\"name\":\"Haltra Group\",\"url\":\"https:\\\/\\\/haltragroup.com\\\/\",\"logo\":{\"@type\":\"ImageObject\",\"inLanguage\":\"fr-FR\",\"@id\":\"https:\\\/\\\/haltragroup.com\\\/#\\\/schema\\\/logo\\\/image\\\/\",\"url\":\"https:\\\/\\\/haltragroup.com\\\/wp-content\\\/uploads\\\/2022\\\/01\\\/Haltra_bateau-min.png\",\"contentUrl\":\"https:\\\/\\\/haltragroup.com\\\/wp-content\\\/uploads\\\/2022\\\/01\\\/Haltra_bateau-min.png\",\"width\":1920,\"height\":1080,\"caption\":\"Haltra Group\"},\"image\":{\"@id\":\"https:\\\/\\\/haltragroup.com\\\/#\\\/schema\\\/logo\\\/image\\\/\"}}]}<\/script>\n<!-- \/ Yoast SEO plugin. -->","yoast_head_json":{"title":"Legal notices - Haltra","description":"HALTRA,THE BEST IS YET TO COME. The world belongs to our children and future generations. We are committed to building a sustainable future with them and for them, listening to their expectations.","robots":{"index":"index","follow":"follow","max-snippet":"max-snippet:-1","max-image-preview":"max-image-preview:large","max-video-preview":"max-video-preview:-1"},"canonical":"https:\/\/haltragroup.com\/fr\/legal-notices\/","og_locale":"fr_FR","og_type":"article","og_title":"Legal notices - Haltra","og_description":"HALTRA,THE BEST IS YET TO COME. The world belongs to our children and future generations. We are committed to building a sustainable future with them and for them, listening to their expectations.","og_url":"https:\/\/haltragroup.com\/fr\/legal-notices\/","og_site_name":"Haltra","article_modified_time":"2024-06-27T10:16:50+00:00","og_image":[{"width":1920,"height":1080,"url":"https:\/\/haltragroup.com\/wp-content\/uploads\/2022\/01\/Haltra_bateau-min.png","type":"image\/png"}],"twitter_card":"summary_large_image","twitter_misc":{"Dur\u00e9e de lecture estim\u00e9e":"3 minutes"},"schema":{"@context":"https:\/\/schema.org","@graph":[{"@type":"WebPage","@id":"https:\/\/haltragroup.com\/fr\/legal-notices\/","url":"https:\/\/haltragroup.com\/fr\/legal-notices\/","name":"Legal notices - Haltra","isPartOf":{"@id":"https:\/\/haltragroup.com\/#website"},"datePublished":"2024-06-20T12:58:49+00:00","dateModified":"2024-06-27T10:16:50+00:00","description":"HALTRA,THE BEST IS YET TO COME. The world belongs to our children and future generations. We are committed to building a sustainable future with them and for them, listening to their expectations.","breadcrumb":{"@id":"https:\/\/haltragroup.com\/fr\/legal-notices\/#breadcrumb"},"inLanguage":"fr-FR","potentialAction":[{"@type":"ReadAction","target":["https:\/\/haltragroup.com\/fr\/legal-notices\/"]}]},{"@type":"BreadcrumbList","@id":"https:\/\/haltragroup.com\/fr\/legal-notices\/#breadcrumb","itemListElement":[{"@type":"ListItem","position":1,"name":"Home","item":"https:\/\/haltragroup.com\/fr\/"},{"@type":"ListItem","position":2,"name":"Legal notices"}]},{"@type":"WebSite","@id":"https:\/\/haltragroup.com\/#website","url":"https:\/\/haltragroup.com\/","name":"Haltra","description":"Le meilleur est \u00e0 venir","publisher":{"@id":"https:\/\/haltragroup.com\/#organization"},"potentialAction":[{"@type":"SearchAction","target":{"@type":"EntryPoint","urlTemplate":"https:\/\/haltragroup.com\/?s={search_term_string}"},"query-input":{"@type":"PropertyValueSpecification","valueRequired":true,"valueName":"search_term_string"}}],"inLanguage":"fr-FR"},{"@type":"Organization","@id":"https:\/\/haltragroup.com\/#organization","name":"Haltra Group","url":"https:\/\/haltragroup.com\/","logo":{"@type":"ImageObject","inLanguage":"fr-FR","@id":"https:\/\/haltragroup.com\/#\/schema\/logo\/image\/","url":"https:\/\/haltragroup.com\/wp-content\/uploads\/2022\/01\/Haltra_bateau-min.png","contentUrl":"https:\/\/haltragroup.com\/wp-content\/uploads\/2022\/01\/Haltra_bateau-min.png","width":1920,"height":1080,"caption":"Haltra Group"},"image":{"@id":"https:\/\/haltragroup.com\/#\/schema\/logo\/image\/"}}]}},"_links":{"self":[{"href":"https:\/\/haltragroup.com\/fr\/wp-json\/wp\/v2\/pages\/1710","targetHints":{"allow":["GET"]}}],"collection":[{"href":"https:\/\/haltragroup.com\/fr\/wp-json\/wp\/v2\/pages"}],"about":[{"href":"https:\/\/haltragroup.com\/fr\/wp-json\/wp\/v2\/types\/page"}],"author":[{"embeddable":true,"href":"https:\/\/haltragroup.com\/fr\/wp-json\/wp\/v2\/users\/1"}],"replies":[{"embeddable":true,"href":"https:\/\/haltragroup.com\/fr\/wp-json\/wp\/v2\/comments?post=1710"}],"version-history":[{"count":1,"href":"https:\/\/haltragroup.com\/fr\/wp-json\/wp\/v2\/pages\/1710\/revisions"}],"predecessor-version":[{"id":1715,"href":"https:\/\/haltragroup.com\/fr\/wp-json\/wp\/v2\/pages\/1710\/revisions\/1715"}],"wp:attachment":[{"href":"https:\/\/haltragroup.com\/fr\/wp-json\/wp\/v2\/media?parent=1710"}],"curies":[{"name":"wp","href":"https:\/\/api.w.org\/{rel}","templated":true}]}}